{"id":58,"date":"2020-11-19T21:59:03","date_gmt":"2020-11-19T21:59:03","guid":{"rendered":"https:\/\/yoka.ca\/?page_id=58"},"modified":"2024-07-12T01:33:23","modified_gmt":"2024-07-12T01:33:23","slug":"gallery","status":"publish","type":"page","link":"https:\/\/yoka.ca\/fr\/gallery\/","title":{"rendered":"Galerie"},"content":{"rendered":"<div data-elementor-type=\"wp-page\" data-elementor-id=\"58\" class=\"elementor elementor-58\" data-elementor-post-type=\"page\">\n\t\t\t\t\t\t<section class=\"elementor-section elementor-top-section elementor-element elementor-element-ab196f2 elementor-section-full_width elementor-section-stretched elementor-section-height-default elementor-section-height-default\" data-id=\"ab196f2\" data-element_type=\"section\" data-settings=\"{&quot;stretch_section&quot;:&quot;section-stretched&quot;}\">\n\t\t\t\t\t\t<div class=\"elementor-container elementor-column-gap-no\">\n\t\t\t\t\t<div class=\"elementor-column elementor-col-33 elementor-top-column elementor-element elementor-element-1ab34d8 elementor-hidden-phone\" data-id=\"1ab34d8\" data-element_type=\"column\">\n\t\t\t<div class=\"elementor-widget-wrap elementor-element-populated\">\n\t\t\t\t\t\t<div class=\"elementor-element elementor-element-99e66b6 elementor-hidden-phone elementor-widget elementor-widget-image\" data-id=\"99e66b6\" data-element_type=\"widget\" data-widget_type=\"image.default\">\n\t\t\t\t\t\t\t\t\t\t\t\t\t\t\t<img fetchpriority=\"high\" decoding=\"async\" width=\"384\" height=\"1024\" src=\"https:\/\/yoka.ca\/wp-content\/uploads\/2020\/11\/yoka-homepage-decoration-3-384x1024.png\" class=\"attachment-large size-large wp-image-645\" alt=\"\" srcset=\"https:\/\/yoka.ca\/wp-content\/uploads\/2020\/11\/yoka-homepage-decoration-3-384x1024.png 384w, https:\/\/yoka.ca\/wp-content\/uploads\/2020\/11\/yoka-homepage-decoration-3-113x300.png 113w, https:\/\/yoka.ca\/wp-content\/uploads\/2020\/11\/yoka-homepage-decoration-3-576x1536.png 576w, https:\/\/yoka.ca\/wp-content\/uploads\/2020\/11\/yoka-homepage-decoration-3-5x12.png 5w, https:\/\/yoka.ca\/wp-content\/uploads\/2020\/11\/yoka-homepage-decoration-3.png 614w\" sizes=\"(max-width: 384px) 100vw, 384px\" title=\"\">\t\t\t\t\t\t\t\t\t\t\t\t\t\t\t<\/div>\n\t\t\t\t<div class=\"elementor-element elementor-element-5914523 elementor-hidden-phone elementor-widget elementor-widget-image\" data-id=\"5914523\" data-element_type=\"widget\" data-widget_type=\"image.default\">\n\t\t\t\t\t\t\t\t\t\t\t\t\t\t\t<img decoding=\"async\" width=\"384\" height=\"1024\" src=\"https:\/\/yoka.ca\/wp-content\/uploads\/2020\/11\/yoka-hompage-decoration-384x1024.png\" class=\"attachment-large size-large wp-image-647\" alt=\"\" srcset=\"https:\/\/yoka.ca\/wp-content\/uploads\/2020\/11\/yoka-hompage-decoration-384x1024.png 384w, https:\/\/yoka.ca\/wp-content\/uploads\/2020\/11\/yoka-hompage-decoration-113x300.png 113w, https:\/\/yoka.ca\/wp-content\/uploads\/2020\/11\/yoka-hompage-decoration-576x1536.png 576w, https:\/\/yoka.ca\/wp-content\/uploads\/2020\/11\/yoka-hompage-decoration-5x12.png 5w, https:\/\/yoka.ca\/wp-content\/uploads\/2020\/11\/yoka-hompage-decoration.png 614w\" sizes=\"(max-width: 384px) 100vw, 384px\" title=\"\">\t\t\t\t\t\t\t\t\t\t\t\t\t\t\t<\/div>\n\t\t\t\t<div class=\"elementor-element elementor-element-6839bba elementor-hidden-phone elementor-widget elementor-widget-image\" data-id=\"6839bba\" data-element_type=\"widget\" data-widget_type=\"image.default\">\n\t\t\t\t\t\t\t\t\t\t\t\t\t\t\t<img decoding=\"async\" width=\"387\" height=\"1024\" src=\"https:\/\/yoka.ca\/wp-content\/uploads\/2020\/11\/yoka-homepage-decoration-5-387x1024.png\" class=\"attachment-large size-large wp-image-643\" alt=\"\" srcset=\"https:\/\/yoka.ca\/wp-content\/uploads\/2020\/11\/yoka-homepage-decoration-5-387x1024.png 387w, https:\/\/yoka.ca\/wp-content\/uploads\/2020\/11\/yoka-homepage-decoration-5-113x300.png 113w, https:\/\/yoka.ca\/wp-content\/uploads\/2020\/11\/yoka-homepage-decoration-5-581x1536.png 581w, https:\/\/yoka.ca\/wp-content\/uploads\/2020\/11\/yoka-homepage-decoration-5-5x12.png 5w, https:\/\/yoka.ca\/wp-content\/uploads\/2020\/11\/yoka-homepage-decoration-5.png 619w\" sizes=\"(max-width: 387px) 100vw, 387px\" title=\"\">\t\t\t\t\t\t\t\t\t\t\t\t\t\t\t<\/div>\n\t\t\t\t\t<\/div>\n\t\t<\/div>\n\t\t\t\t<div class=\"elementor-column elementor-col-33 elementor-top-column elementor-element elementor-element-b5040aa animated-slow elementor-invisible\" data-id=\"b5040aa\" data-element_type=\"column\" data-settings=\"{&quot;animation&quot;:&quot;fadeIn&quot;,&quot;animation_tablet&quot;:&quot;fadeIn&quot;,&quot;animation_mobile&quot;:&quot;fadeIn&quot;}\">\n\t\t\t<div class=\"elementor-widget-wrap elementor-element-populated\">\n\t\t\t\t\t\t<div class=\"elementor-element elementor-element-a3f4e1d elementor-widget elementor-widget-heading\" data-id=\"a3f4e1d\" data-element_type=\"widget\" data-widget_type=\"heading.default\">\n\t\t\t\t\t<h1 class=\"elementor-heading-title elementor-size-default\">Galerie Yokato Yokabai<\/h1>\t\t\t\t<\/div>\n\t\t\t\t<div class=\"elementor-element elementor-element-605b4fd elementor-widget elementor-widget-text-editor\" data-id=\"605b4fd\" data-element_type=\"widget\" data-widget_type=\"text-editor.default\">\n\t\t\t\t\t\t\t\t\t<p>Plongez au c\u0153ur de notre izakaya japonais avec ce voyage visuel. Notre galerie offre un aper\u00e7u de la vie vibrante chez Yokato Yokabai, mettant en valeur nos plats d\u00e9licieux, une atmosph\u00e8re accueillante, et la passion que nous mettons dans chaque repas.<\/p>\t\t\t\t\t\t\t\t<\/div>\n\t\t\t\t<div class=\"elementor-element elementor-element-cc77efa animated-slow elementor-widget elementor-widget-gallery\" data-id=\"cc77efa\" data-element_type=\"widget\" data-settings=\"{&quot;columns&quot;:3,&quot;columns_tablet&quot;:3,&quot;columns_mobile&quot;:3,&quot;gap_mobile&quot;:{&quot;unit&quot;:&quot;px&quot;,&quot;size&quot;:5,&quot;sizes&quot;:[]},&quot;aspect_ratio&quot;:&quot;9:16&quot;,&quot;_animation&quot;:&quot;none&quot;,&quot;lazyload&quot;:&quot;yes&quot;,&quot;gallery_layout&quot;:&quot;grid&quot;,&quot;gap&quot;:{&quot;unit&quot;:&quot;px&quot;,&quot;size&quot;:10,&quot;sizes&quot;:[]},&quot;gap_tablet&quot;:{&quot;unit&quot;:&quot;px&quot;,&quot;size&quot;:10,&quot;sizes&quot;:[]},&quot;link_to&quot;:&quot;file&quot;,&quot;overlay_background&quot;:&quot;yes&quot;,&quot;content_hover_animation&quot;:&quot;fade-in&quot;}\" data-widget_type=\"gallery.default\">\n\t\t\t\t\t\t\t<div class=\"elementor-gallery__container\">\n\t\t\t\t\t\t\t<a class=\"e-gallery-item elementor-gallery-item elementor-animated-content\" href=\"https:\/\/yoka.ca\/wp-content\/uploads\/2024\/07\/Vegan-Ramen-Noodles-with-Vegetables.jpg\" data-elementor-open-lightbox=\"yes\" data-elementor-lightbox-slideshow=\"cc77efa\" data-e-action-hash=\"#elementor-action%3Aaction%3Dlightbox%26settings%3DeyJpZCI6MTkxMCwidXJsIjoiaHR0cHM6XC9cL3lva2EuY2FcL3dwLWNvbnRlbnRcL3VwbG9hZHNcLzIwMjRcLzA3XC9WZWdhbi1SYW1lbi1Ob29kbGVzLXdpdGgtVmVnZXRhYmxlcy5qcGciLCJzbGlkZXNob3ciOiJjYzc3ZWZhIn0%3D\">\n\t\t\t\t\t<div class=\"e-gallery-image elementor-gallery-item__image\" data-thumbnail=\"https:\/\/yoka.ca\/wp-content\/uploads\/2024\/07\/Vegan-Ramen-Noodles-with-Vegetables.jpg\" data-width=\"819\" data-height=\"1024\" aria-label=\"\" role=\"img\" ><\/div>\n\t\t\t\t\t\t\t\t\t\t\t<div class=\"elementor-gallery-item__overlay\"><\/div>\n\t\t\t\t\t\t\t\t\t\t\t\t\t\t<\/a>\n\t\t\t\t\t\t\t<a class=\"e-gallery-item elementor-gallery-item elementor-animated-content\" href=\"https:\/\/yoka.ca\/wp-content\/uploads\/2024\/07\/Traditional-Japanese-Ramen-with-Narutomaki.jpg\" data-elementor-open-lightbox=\"yes\" data-elementor-lightbox-slideshow=\"cc77efa\" data-e-action-hash=\"#elementor-action%3Aaction%3Dlightbox%26settings%3DeyJpZCI6MTkwOSwidXJsIjoiaHR0cHM6XC9cL3lva2EuY2FcL3dwLWNvbnRlbnRcL3VwbG9hZHNcLzIwMjRcLzA3XC9UcmFkaXRpb25hbC1KYXBhbmVzZS1SYW1lbi13aXRoLU5hcnV0b21ha2kuanBnIiwic2xpZGVzaG93IjoiY2M3N2VmYSJ9\">\n\t\t\t\t\t<div class=\"e-gallery-image elementor-gallery-item__image\" data-thumbnail=\"https:\/\/yoka.ca\/wp-content\/uploads\/2024\/07\/Traditional-Japanese-Ramen-with-Narutomaki.jpg\" data-width=\"819\" data-height=\"1024\" aria-label=\"\" role=\"img\" ><\/div>\n\t\t\t\t\t\t\t\t\t\t\t<div class=\"elementor-gallery-item__overlay\"><\/div>\n\t\t\t\t\t\t\t\t\t\t\t\t\t\t<\/a>\n\t\t\t\t\t\t\t<a class=\"e-gallery-item elementor-gallery-item elementor-animated-content\" href=\"https:\/\/yoka.ca\/wp-content\/uploads\/2024\/07\/Yokato-Yoka-Donburi.jpg\" data-elementor-open-lightbox=\"yes\" data-elementor-lightbox-slideshow=\"cc77efa\" data-e-action-hash=\"#elementor-action%3Aaction%3Dlightbox%26settings%3DeyJpZCI6MTkxMSwidXJsIjoiaHR0cHM6XC9cL3lva2EuY2FcL3dwLWNvbnRlbnRcL3VwbG9hZHNcLzIwMjRcLzA3XC9Zb2thdG8tWW9rYS1Eb25idXJpLmpwZyIsInNsaWRlc2hvdyI6ImNjNzdlZmEifQ%3D%3D\">\n\t\t\t\t\t<div class=\"e-gallery-image elementor-gallery-item__image\" data-thumbnail=\"https:\/\/yoka.ca\/wp-content\/uploads\/2024\/07\/Yokato-Yoka-Donburi.jpg\" data-width=\"1024\" data-height=\"819\" aria-label=\"\" role=\"img\" ><\/div>\n\t\t\t\t\t\t\t\t\t\t\t<div class=\"elementor-gallery-item__overlay\"><\/div>\n\t\t\t\t\t\t\t\t\t\t\t\t\t\t<\/a>\n\t\t\t\t\t\t\t<a class=\"e-gallery-item elementor-gallery-item elementor-animated-content\" href=\"https:\/\/yoka.ca\/wp-content\/uploads\/2024\/07\/Spicy-Ramen-Bowl-with-Toppings-scaled.jpg\" data-elementor-open-lightbox=\"yes\" data-elementor-lightbox-slideshow=\"cc77efa\" data-e-action-hash=\"#elementor-action%3Aaction%3Dlightbox%26settings%3DeyJpZCI6MTkwOCwidXJsIjoiaHR0cHM6XC9cL3lva2EuY2FcL3dwLWNvbnRlbnRcL3VwbG9hZHNcLzIwMjRcLzA3XC9TcGljeS1SYW1lbi1Cb3dsLXdpdGgtVG9wcGluZ3Mtc2NhbGVkLmpwZyIsInNsaWRlc2hvdyI6ImNjNzdlZmEifQ%3D%3D\">\n\t\t\t\t\t<div class=\"e-gallery-image elementor-gallery-item__image\" data-thumbnail=\"https:\/\/yoka.ca\/wp-content\/uploads\/2024\/07\/Spicy-Ramen-Bowl-with-Toppings-scaled.jpg\" data-width=\"2048\" data-height=\"2560\" aria-label=\"\" role=\"img\" ><\/div>\n\t\t\t\t\t\t\t\t\t\t\t<div class=\"elementor-gallery-item__overlay\"><\/div>\n\t\t\t\t\t\t\t\t\t\t\t\t\t\t<\/a>\n\t\t\t\t\t\t\t<a class=\"e-gallery-item elementor-gallery-item elementor-animated-content\" href=\"https:\/\/yoka.ca\/wp-content\/uploads\/2024\/07\/Ramen-with-Assorted-Toppings-and-Refreshments.jpg\" data-elementor-open-lightbox=\"yes\" data-elementor-lightbox-slideshow=\"cc77efa\" data-e-action-hash=\"#elementor-action%3Aaction%3Dlightbox%26settings%3DeyJpZCI6MTkwNiwidXJsIjoiaHR0cHM6XC9cL3lva2EuY2FcL3dwLWNvbnRlbnRcL3VwbG9hZHNcLzIwMjRcLzA3XC9SYW1lbi13aXRoLUFzc29ydGVkLVRvcHBpbmdzLWFuZC1SZWZyZXNobWVudHMuanBnIiwic2xpZGVzaG93IjoiY2M3N2VmYSJ9\">\n\t\t\t\t\t<div class=\"e-gallery-image elementor-gallery-item__image\" data-thumbnail=\"https:\/\/yoka.ca\/wp-content\/uploads\/2024\/07\/Ramen-with-Assorted-Toppings-and-Refreshments.jpg\" data-width=\"819\" data-height=\"1024\" aria-label=\"\" role=\"img\" ><\/div>\n\t\t\t\t\t\t\t\t\t\t\t<div class=\"elementor-gallery-item__overlay\"><\/div>\n\t\t\t\t\t\t\t\t\t\t\t\t\t\t<\/a>\n\t\t\t\t\t\t\t<a class=\"e-gallery-item elementor-gallery-item elementor-animated-content\" href=\"https:\/\/yoka.ca\/wp-content\/uploads\/2024\/07\/Ramen-Noodles-scaled.jpeg\" data-elementor-open-lightbox=\"yes\" data-elementor-lightbox-slideshow=\"cc77efa\" data-e-action-hash=\"#elementor-action%3Aaction%3Dlightbox%26settings%3DeyJpZCI6MTkwNSwidXJsIjoiaHR0cHM6XC9cL3lva2EuY2FcL3dwLWNvbnRlbnRcL3VwbG9hZHNcLzIwMjRcLzA3XC9SYW1lbi1Ob29kbGVzLXNjYWxlZC5qcGVnIiwic2xpZGVzaG93IjoiY2M3N2VmYSJ9\">\n\t\t\t\t\t<div class=\"e-gallery-image elementor-gallery-item__image\" data-thumbnail=\"https:\/\/yoka.ca\/wp-content\/uploads\/2024\/07\/Ramen-Noodles-scaled.jpeg\" data-width=\"1920\" data-height=\"2560\" aria-label=\"\" role=\"img\" ><\/div>\n\t\t\t\t\t\t\t\t\t\t\t<div class=\"elementor-gallery-item__overlay\"><\/div>\n\t\t\t\t\t\t\t\t\t\t\t\t\t\t<\/a>\n\t\t\t\t\t\t\t<a class=\"e-gallery-item elementor-gallery-item elementor-animated-content\" href=\"https:\/\/yoka.ca\/wp-content\/uploads\/2024\/07\/Ramen-Noodles-in-Savory-Broth.jpg\" data-elementor-open-lightbox=\"yes\" data-elementor-lightbox-slideshow=\"cc77efa\" data-e-action-hash=\"#elementor-action%3Aaction%3Dlightbox%26settings%3DeyJpZCI6MTkwNCwidXJsIjoiaHR0cHM6XC9cL3lva2EuY2FcL3dwLWNvbnRlbnRcL3VwbG9hZHNcLzIwMjRcLzA3XC9SYW1lbi1Ob29kbGVzLWluLVNhdm9yeS1Ccm90aC5qcGciLCJzbGlkZXNob3ciOiJjYzc3ZWZhIn0%3D\">\n\t\t\t\t\t<div class=\"e-gallery-image elementor-gallery-item__image\" data-thumbnail=\"https:\/\/yoka.ca\/wp-content\/uploads\/2024\/07\/Ramen-Noodles-in-Savory-Broth.jpg\" data-width=\"683\" data-height=\"1024\" aria-label=\"\" role=\"img\" ><\/div>\n\t\t\t\t\t\t\t\t\t\t\t<div class=\"elementor-gallery-item__overlay\"><\/div>\n\t\t\t\t\t\t\t\t\t\t\t\t\t\t<\/a>\n\t\t\t\t\t\t\t<a class=\"e-gallery-item elementor-gallery-item elementor-animated-content\" href=\"https:\/\/yoka.ca\/wp-content\/uploads\/2024\/07\/Ramen-Salad-Bowl-with-Fresh-Ingredients.jpg\" data-elementor-open-lightbox=\"yes\" data-elementor-lightbox-slideshow=\"cc77efa\" data-e-action-hash=\"#elementor-action%3Aaction%3Dlightbox%26settings%3DeyJpZCI6MTkwMywidXJsIjoiaHR0cHM6XC9cL3lva2EuY2FcL3dwLWNvbnRlbnRcL3VwbG9hZHNcLzIwMjRcLzA3XC9SYW1lbi1TYWxhZC1Cb3dsLXdpdGgtRnJlc2gtSW5ncmVkaWVudHMuanBnIiwic2xpZGVzaG93IjoiY2M3N2VmYSJ9\">\n\t\t\t\t\t<div class=\"e-gallery-image elementor-gallery-item__image\" data-thumbnail=\"https:\/\/yoka.ca\/wp-content\/uploads\/2024\/07\/Ramen-Salad-Bowl-with-Fresh-Ingredients.jpg\" data-width=\"819\" data-height=\"1024\" aria-label=\"\" role=\"img\" ><\/div>\n\t\t\t\t\t\t\t\t\t\t\t<div class=\"elementor-gallery-item__overlay\"><\/div>\n\t\t\t\t\t\t\t\t\t\t\t\t\t\t<\/a>\n\t\t\t\t\t\t\t<a class=\"e-gallery-item elementor-gallery-item elementor-animated-content\" href=\"https:\/\/yoka.ca\/wp-content\/uploads\/2023\/03\/DSC09869.jpeg\" data-elementor-open-lightbox=\"yes\" data-elementor-lightbox-slideshow=\"cc77efa\" data-e-action-hash=\"#elementor-action%3Aaction%3Dlightbox%26settings%3DeyJpZCI6MTc5NCwidXJsIjoiaHR0cHM6XC9cL3lva2EuY2FcL3dwLWNvbnRlbnRcL3VwbG9hZHNcLzIwMjNcLzAzXC9EU0MwOTg2OS5qcGVnIiwic2xpZGVzaG93IjoiY2M3N2VmYSJ9\">\n\t\t\t\t\t<div class=\"e-gallery-image elementor-gallery-item__image\" data-thumbnail=\"https:\/\/yoka.ca\/wp-content\/uploads\/2023\/03\/DSC09869.jpeg\" data-width=\"1638\" data-height=\"2048\" aria-label=\"\" role=\"img\" ><\/div>\n\t\t\t\t\t\t\t\t\t\t\t<div class=\"elementor-gallery-item__overlay\"><\/div>\n\t\t\t\t\t\t\t\t\t\t\t\t\t\t<\/a>\n\t\t\t\t\t\t\t<a class=\"e-gallery-item elementor-gallery-item elementor-animated-content\" href=\"https:\/\/yoka.ca\/wp-content\/uploads\/2020\/11\/yoka-ramen-machine-3.jpg\" data-elementor-open-lightbox=\"yes\" data-elementor-lightbox-slideshow=\"cc77efa\" data-e-action-hash=\"#elementor-action%3Aaction%3Dlightbox%26settings%3DeyJpZCI6NTU5LCJ1cmwiOiJodHRwczpcL1wveW9rYS5jYVwvd3AtY29udGVudFwvdXBsb2Fkc1wvMjAyMFwvMTFcL3lva2EtcmFtZW4tbWFjaGluZS0zLmpwZyIsInNsaWRlc2hvdyI6ImNjNzdlZmEifQ%3D%3D\">\n\t\t\t\t\t<div class=\"e-gallery-image elementor-gallery-item__image\" data-thumbnail=\"https:\/\/yoka.ca\/wp-content\/uploads\/2020\/11\/yoka-ramen-machine-3.jpg\" data-width=\"0\" data-height=\"0\" aria-label=\"\" role=\"img\" ><\/div>\n\t\t\t\t\t\t\t\t\t\t\t<div class=\"elementor-gallery-item__overlay\"><\/div>\n\t\t\t\t\t\t\t\t\t\t\t\t\t\t<\/a>\n\t\t\t\t\t\t\t<a class=\"e-gallery-item elementor-gallery-item elementor-animated-content\" href=\"https:\/\/yoka.ca\/wp-content\/uploads\/2020\/11\/yoka-ramen-noodles-made-in-house.jpg\" data-elementor-open-lightbox=\"yes\" data-elementor-lightbox-slideshow=\"cc77efa\" data-e-action-hash=\"#elementor-action%3Aaction%3Dlightbox%26settings%3DeyJpZCI6NTUzLCJ1cmwiOiJodHRwczpcL1wveW9rYS5jYVwvd3AtY29udGVudFwvdXBsb2Fkc1wvMjAyMFwvMTFcL3lva2EtcmFtZW4tbm9vZGxlcy1tYWRlLWluLWhvdXNlLmpwZyIsInNsaWRlc2hvdyI6ImNjNzdlZmEifQ%3D%3D\">\n\t\t\t\t\t<div class=\"e-gallery-image elementor-gallery-item__image\" data-thumbnail=\"https:\/\/yoka.ca\/wp-content\/uploads\/2020\/11\/yoka-ramen-noodles-made-in-house.jpg\" data-width=\"2560\" data-height=\"1707\" aria-label=\"\" role=\"img\" ><\/div>\n\t\t\t\t\t\t\t\t\t\t\t<div class=\"elementor-gallery-item__overlay\"><\/div>\n\t\t\t\t\t\t\t\t\t\t\t\t\t\t<\/a>\n\t\t\t\t\t\t\t<a class=\"e-gallery-item elementor-gallery-item elementor-animated-content\" href=\"https:\/\/yoka.ca\/wp-content\/uploads\/2020\/11\/yoka-ramen-machine-2.jpg\" data-elementor-open-lightbox=\"yes\" data-elementor-lightbox-slideshow=\"cc77efa\" data-e-action-hash=\"#elementor-action%3Aaction%3Dlightbox%26settings%3DeyJpZCI6NTU4LCJ1cmwiOiJodHRwczpcL1wveW9rYS5jYVwvd3AtY29udGVudFwvdXBsb2Fkc1wvMjAyMFwvMTFcL3lva2EtcmFtZW4tbWFjaGluZS0yLmpwZyIsInNsaWRlc2hvdyI6ImNjNzdlZmEifQ%3D%3D\">\n\t\t\t\t\t<div class=\"e-gallery-image elementor-gallery-item__image\" data-thumbnail=\"https:\/\/yoka.ca\/wp-content\/uploads\/2020\/11\/yoka-ramen-machine-2.jpg\" data-width=\"0\" data-height=\"0\" aria-label=\"\" role=\"img\" ><\/div>\n\t\t\t\t\t\t\t\t\t\t\t<div class=\"elementor-gallery-item__overlay\"><\/div>\n\t\t\t\t\t\t\t\t\t\t\t\t\t\t<\/a>\n\t\t\t\t\t<\/div>\n\t\t\t\t\t<\/div>\n\t\t\t\t<div class=\"elementor-element elementor-element-0f90ba9 elementor-align-center elementor-widget elementor-widget-button\" data-id=\"0f90ba9\" data-element_type=\"widget\" data-widget_type=\"button.default\">\n\t\t\t\t\t\t\t\t\t\t<a class=\"elementor-button elementor-button-link elementor-size-lg\" href=\"https:\/\/yoka.ca\/fr\/order-online\/\">\n\t\t\t\t\t\t<span class=\"elementor-button-content-wrapper\">\n\t\t\t\t\t\t\t\t\t<span class=\"elementor-button-text\">COMMANDEZ EN LIGNE AUJOURD'HUI<\/span>\n\t\t\t\t\t<\/span>\n\t\t\t\t\t<\/a>\n\t\t\t\t\t\t\t\t<\/div>\n\t\t\t\t\t<\/div>\n\t\t<\/div>\n\t\t\t\t<div class=\"elementor-column elementor-col-33 elementor-top-column elementor-element elementor-element-c1f4ab0\" data-id=\"c1f4ab0\" data-element_type=\"column\">\n\t\t\t<div class=\"elementor-widget-wrap elementor-element-populated\">\n\t\t\t\t\t\t<div class=\"elementor-element elementor-element-b5f24c7 elementor-hidden-phone elementor-widget elementor-widget-image\" data-id=\"b5f24c7\" data-element_type=\"widget\" data-widget_type=\"image.default\">\n\t\t\t\t\t\t\t\t\t\t\t\t\t\t\t<img loading=\"lazy\" decoding=\"async\" width=\"386\" height=\"1024\" src=\"https:\/\/yoka.ca\/wp-content\/uploads\/2020\/11\/yoka-homepage-decoration-4-386x1024.png\" class=\"attachment-large size-large wp-image-644\" alt=\"\" srcset=\"https:\/\/yoka.ca\/wp-content\/uploads\/2020\/11\/yoka-homepage-decoration-4-386x1024.png 386w, https:\/\/yoka.ca\/wp-content\/uploads\/2020\/11\/yoka-homepage-decoration-4-113x300.png 113w, https:\/\/yoka.ca\/wp-content\/uploads\/2020\/11\/yoka-homepage-decoration-4-579x1536.png 579w, https:\/\/yoka.ca\/wp-content\/uploads\/2020\/11\/yoka-homepage-decoration-4-5x12.png 5w, https:\/\/yoka.ca\/wp-content\/uploads\/2020\/11\/yoka-homepage-decoration-4.png 617w\" sizes=\"(max-width: 386px) 100vw, 386px\" title=\"\">\t\t\t\t\t\t\t\t\t\t\t\t\t\t\t<\/div>\n\t\t\t\t<div class=\"elementor-element elementor-element-5deaa43 elementor-hidden-phone elementor-widget elementor-widget-image\" data-id=\"5deaa43\" data-element_type=\"widget\" data-widget_type=\"image.default\">\n\t\t\t\t\t\t\t\t\t\t\t\t\t\t\t<img loading=\"lazy\" decoding=\"async\" width=\"384\" height=\"1024\" src=\"https:\/\/yoka.ca\/wp-content\/uploads\/2020\/11\/yoka-homepage-decoration-1-384x1024.png\" class=\"attachment-large size-large wp-image-648\" alt=\"\" srcset=\"https:\/\/yoka.ca\/wp-content\/uploads\/2020\/11\/yoka-homepage-decoration-1-384x1024.png 384w, https:\/\/yoka.ca\/wp-content\/uploads\/2020\/11\/yoka-homepage-decoration-1-113x300.png 113w, https:\/\/yoka.ca\/wp-content\/uploads\/2020\/11\/yoka-homepage-decoration-1-576x1536.png 576w, https:\/\/yoka.ca\/wp-content\/uploads\/2020\/11\/yoka-homepage-decoration-1-5x12.png 5w, https:\/\/yoka.ca\/wp-content\/uploads\/2020\/11\/yoka-homepage-decoration-1.png 614w\" sizes=\"(max-width: 384px) 100vw, 384px\" title=\"\">\t\t\t\t\t\t\t\t\t\t\t\t\t\t\t<\/div>\n\t\t\t\t<div class=\"elementor-element elementor-element-a5980e7 elementor-hidden-phone elementor-widget elementor-widget-image\" data-id=\"a5980e7\" data-element_type=\"widget\" data-widget_type=\"image.default\">\n\t\t\t\t\t\t\t\t\t\t\t\t\t\t\t<img loading=\"lazy\" decoding=\"async\" width=\"384\" height=\"1024\" src=\"https:\/\/yoka.ca\/wp-content\/uploads\/2020\/11\/yoka-homepage-decoration-2-384x1024.png\" class=\"attachment-large size-large wp-image-646\" alt=\"\" srcset=\"https:\/\/yoka.ca\/wp-content\/uploads\/2020\/11\/yoka-homepage-decoration-2-384x1024.png 384w, https:\/\/yoka.ca\/wp-content\/uploads\/2020\/11\/yoka-homepage-decoration-2-113x300.png 113w, https:\/\/yoka.ca\/wp-content\/uploads\/2020\/11\/yoka-homepage-decoration-2-576x1536.png 576w, https:\/\/yoka.ca\/wp-content\/uploads\/2020\/11\/yoka-homepage-decoration-2-5x12.png 5w, https:\/\/yoka.ca\/wp-content\/uploads\/2020\/11\/yoka-homepage-decoration-2.png 614w\" sizes=\"(max-width: 384px) 100vw, 384px\" title=\"\">\t\t\t\t\t\t\t\t\t\t\t\t\t\t\t<\/div>\n\t\t\t\t\t<\/div>\n\t\t<\/div>\n\t\t\t\t\t<\/div>\n\t\t<\/section>\n\t\t\t\t<\/div>","protected":false},"excerpt":{"rendered":"<p>Yokato Yokabai Gallery Dive into the heart of our Japanese Izakaya with this visual journey. Our gallery offers a glimpse into the vibrant life at Yokato Yokabai, showcasing our delicious dishes, inviting atmosphere, and the passion we put into every meal. ORDER ONLINE TODAY<\/p>","protected":false},"author":1,"featured_media":0,"parent":0,"menu_order":0,"comment_status":"closed","ping_status":"closed","template":"","meta":{"footnotes":""},"class_list":["post-58","page","type-page","status-publish","hentry","entry"],"jetpack_sharing_enabled":true,"_links":{"self":[{"href":"https:\/\/yoka.ca\/fr\/wp-json\/wp\/v2\/pages\/58","targetHints":{"allow":["GET"]}}],"collection":[{"href":"https:\/\/yoka.ca\/fr\/wp-json\/wp\/v2\/pages"}],"about":[{"href":"https:\/\/yoka.ca\/fr\/wp-json\/wp\/v2\/types\/page"}],"author":[{"embeddable":true,"href":"https:\/\/yoka.ca\/fr\/wp-json\/wp\/v2\/users\/1"}],"replies":[{"embeddable":true,"href":"https:\/\/yoka.ca\/fr\/wp-json\/wp\/v2\/comments?post=58"}],"version-history":[{"count":16,"href":"https:\/\/yoka.ca\/fr\/wp-json\/wp\/v2\/pages\/58\/revisions"}],"predecessor-version":[{"id":1955,"href":"https:\/\/yoka.ca\/fr\/wp-json\/wp\/v2\/pages\/58\/revisions\/1955"}],"wp:attachment":[{"href":"https:\/\/yoka.ca\/fr\/wp-json\/wp\/v2\/media?parent=58"}],"curies":[{"name":"wp","href":"https:\/\/api.w.org\/{rel}","templated":true}]}}