{"id":60,"date":"2020-11-19T21:59:25","date_gmt":"2020-11-19T21:59:25","guid":{"rendered":"https:\/\/yoka.ca\/?page_id=60"},"modified":"2024-07-12T01:46:54","modified_gmt":"2024-07-12T01:46:54","slug":"order-online","status":"publish","type":"page","link":"https:\/\/yoka.ca\/fr\/order-online\/","title":{"rendered":"Commandez En Ligne"},"content":{"rendered":"<div data-elementor-type=\"wp-page\" data-elementor-id=\"60\" class=\"elementor elementor-60\" data-elementor-post-type=\"page\">\n\t\t\t\t\t\t<section class=\"elementor-section elementor-top-section elementor-element elementor-element-d9ab7a8 elementor-section-full_width elementor-section-stretched elementor-section-height-default elementor-section-height-default\" data-id=\"d9ab7a8\" data-element_type=\"section\" data-settings=\"{&quot;stretch_section&quot;:&quot;section-stretched&quot;,&quot;background_background&quot;:&quot;classic&quot;}\">\n\t\t\t\t\t\t\t<div class=\"elementor-background-overlay\"><\/div>\n\t\t\t\t\t\t\t<div class=\"elementor-container elementor-column-gap-no\">\n\t\t\t\t\t<div class=\"elementor-column elementor-col-33 elementor-top-column elementor-element elementor-element-566a8c6\" data-id=\"566a8c6\" data-element_type=\"column\">\n\t\t\t<div class=\"elementor-widget-wrap elementor-element-populated\">\n\t\t\t\t\t\t<div class=\"elementor-element elementor-element-20978eb elementor-hidden-phone elementor-widget elementor-widget-image\" data-id=\"20978eb\" data-element_type=\"widget\" data-widget_type=\"image.default\">\n\t\t\t\t\t\t\t\t\t\t\t\t\t\t\t<img fetchpriority=\"high\" decoding=\"async\" width=\"384\" height=\"1024\" src=\"https:\/\/yoka.ca\/wp-content\/uploads\/2020\/11\/yoka-hompage-decoration-384x1024.png\" class=\"attachment-large size-large wp-image-647\" alt=\"\" srcset=\"https:\/\/yoka.ca\/wp-content\/uploads\/2020\/11\/yoka-hompage-decoration-384x1024.png 384w, https:\/\/yoka.ca\/wp-content\/uploads\/2020\/11\/yoka-hompage-decoration-113x300.png 113w, https:\/\/yoka.ca\/wp-content\/uploads\/2020\/11\/yoka-hompage-decoration-576x1536.png 576w, https:\/\/yoka.ca\/wp-content\/uploads\/2020\/11\/yoka-hompage-decoration-5x12.png 5w, https:\/\/yoka.ca\/wp-content\/uploads\/2020\/11\/yoka-hompage-decoration.png 614w\" sizes=\"(max-width: 384px) 100vw, 384px\" title=\"\">\t\t\t\t\t\t\t\t\t\t\t\t\t\t\t<\/div>\n\t\t\t\t\t<\/div>\n\t\t<\/div>\n\t\t\t\t<div class=\"elementor-column elementor-col-33 elementor-top-column elementor-element elementor-element-910ce8f\" data-id=\"910ce8f\" data-element_type=\"column\" data-settings=\"{&quot;background_background&quot;:&quot;classic&quot;}\">\n\t\t\t<div class=\"elementor-widget-wrap elementor-element-populated\">\n\t\t\t\t\t<div class=\"elementor-background-overlay\"><\/div>\n\t\t\t\t\t\t<section class=\"elementor-section elementor-inner-section elementor-element elementor-element-f97107f elementor-section-boxed elementor-section-height-default elementor-section-height-default\" data-id=\"f97107f\" data-element_type=\"section\">\n\t\t\t\t\t\t<div class=\"elementor-container elementor-column-gap-default\">\n\t\t\t\t\t<div class=\"elementor-column elementor-col-100 elementor-inner-column elementor-element elementor-element-c6127be\" data-id=\"c6127be\" data-element_type=\"column\">\n\t\t\t<div class=\"elementor-widget-wrap elementor-element-populated\">\n\t\t\t\t\t\t<div class=\"elementor-element elementor-element-44df451 elementor-widget elementor-widget-spacer\" data-id=\"44df451\" data-element_type=\"widget\" data-widget_type=\"spacer.default\">\n\t\t\t\t\t\t\t<div class=\"elementor-spacer\">\n\t\t\t<div class=\"elementor-spacer-inner\"><\/div>\n\t\t<\/div>\n\t\t\t\t\t\t<\/div>\n\t\t\t\t<div class=\"elementor-element elementor-element-443fc5e elementor-widget elementor-widget-heading\" data-id=\"443fc5e\" data-element_type=\"widget\" data-widget_type=\"heading.default\">\n\t\t\t\t\t<h2 class=\"elementor-heading-title elementor-size-default\">RAMASSER<\/h2>\t\t\t\t<\/div>\n\t\t\t\t<div class=\"elementor-element elementor-element-9955ca8 elementor-widget elementor-widget-text-editor\" data-id=\"9955ca8\" data-element_type=\"widget\" data-widget_type=\"text-editor.default\">\n\t\t\t\t\t\t\t\t\t<p>Appelez-nous d\u00e8s aujourd'hui pour commander et venir chercher votre commande dans nos locaux de Yokato Yokabai.<\/p>\t\t\t\t\t\t\t\t<\/div>\n\t\t\t\t<div class=\"elementor-element elementor-element-a1e9ff8 elementor-align-center elementor-widget elementor-widget-button\" data-id=\"a1e9ff8\" data-element_type=\"widget\" data-widget_type=\"button.default\">\n\t\t\t\t\t\t\t\t\t\t<a class=\"elementor-button elementor-button-link elementor-size-sm\" href=\"tel:+15142829991\">\n\t\t\t\t\t\t<span class=\"elementor-button-content-wrapper\">\n\t\t\t\t\t\t\t\t\t<span class=\"elementor-button-text\">(514) 282-9991<\/span>\n\t\t\t\t\t<\/span>\n\t\t\t\t\t<\/a>\n\t\t\t\t\t\t\t\t<\/div>\n\t\t\t\t<div class=\"elementor-element elementor-element-0be129a elementor-widget elementor-widget-spacer\" data-id=\"0be129a\" data-element_type=\"widget\" data-widget_type=\"spacer.default\">\n\t\t\t\t\t\t\t<div class=\"elementor-spacer\">\n\t\t\t<div class=\"elementor-spacer-inner\"><\/div>\n\t\t<\/div>\n\t\t\t\t\t\t<\/div>\n\t\t\t\t\t<\/div>\n\t\t<\/div>\n\t\t\t\t\t<\/div>\n\t\t<\/section>\n\t\t\t\t\t<\/div>\n\t\t<\/div>\n\t\t\t\t<div class=\"elementor-column elementor-col-33 elementor-top-column elementor-element elementor-element-8f9f138\" data-id=\"8f9f138\" data-element_type=\"column\">\n\t\t\t<div class=\"elementor-widget-wrap elementor-element-populated\">\n\t\t\t\t\t\t<div class=\"elementor-element elementor-element-3a6b3be elementor-hidden-phone elementor-widget elementor-widget-image\" data-id=\"3a6b3be\" data-element_type=\"widget\" data-widget_type=\"image.default\">\n\t\t\t\t\t\t\t\t\t\t\t\t\t\t\t<img decoding=\"async\" width=\"386\" height=\"1024\" src=\"https:\/\/yoka.ca\/wp-content\/uploads\/2020\/11\/yoka-homepage-decoration-4-386x1024.png\" class=\"attachment-large size-large wp-image-644\" alt=\"\" srcset=\"https:\/\/yoka.ca\/wp-content\/uploads\/2020\/11\/yoka-homepage-decoration-4-386x1024.png 386w, https:\/\/yoka.ca\/wp-content\/uploads\/2020\/11\/yoka-homepage-decoration-4-113x300.png 113w, https:\/\/yoka.ca\/wp-content\/uploads\/2020\/11\/yoka-homepage-decoration-4-579x1536.png 579w, https:\/\/yoka.ca\/wp-content\/uploads\/2020\/11\/yoka-homepage-decoration-4-5x12.png 5w, https:\/\/yoka.ca\/wp-content\/uploads\/2020\/11\/yoka-homepage-decoration-4.png 617w\" sizes=\"(max-width: 386px) 100vw, 386px\" title=\"\">\t\t\t\t\t\t\t\t\t\t\t\t\t\t\t<\/div>\n\t\t\t\t\t<\/div>\n\t\t<\/div>\n\t\t\t\t\t<\/div>\n\t\t<\/section>\n\t\t\t\t<section class=\"elementor-section elementor-top-section elementor-element elementor-element-4ba180b elementor-section-full_width elementor-section-stretched elementor-section-height-default elementor-section-height-default\" data-id=\"4ba180b\" data-element_type=\"section\" data-settings=\"{&quot;stretch_section&quot;:&quot;section-stretched&quot;,&quot;background_background&quot;:&quot;classic&quot;}\">\n\t\t\t\t\t\t\t<div class=\"elementor-background-overlay\"><\/div>\n\t\t\t\t\t\t\t<div class=\"elementor-container elementor-column-gap-no\">\n\t\t\t\t\t<div class=\"elementor-column elementor-col-33 elementor-top-column elementor-element elementor-element-3f86a48\" data-id=\"3f86a48\" data-element_type=\"column\">\n\t\t\t<div class=\"elementor-widget-wrap elementor-element-populated\">\n\t\t\t\t\t\t<div class=\"elementor-element elementor-element-2828a8b elementor-hidden-phone elementor-widget elementor-widget-image\" data-id=\"2828a8b\" data-element_type=\"widget\" data-widget_type=\"image.default\">\n\t\t\t\t\t\t\t\t\t\t\t\t\t\t\t<img fetchpriority=\"high\" decoding=\"async\" width=\"384\" height=\"1024\" src=\"https:\/\/yoka.ca\/wp-content\/uploads\/2020\/11\/yoka-hompage-decoration-384x1024.png\" class=\"attachment-large size-large wp-image-647\" alt=\"\" srcset=\"https:\/\/yoka.ca\/wp-content\/uploads\/2020\/11\/yoka-hompage-decoration-384x1024.png 384w, https:\/\/yoka.ca\/wp-content\/uploads\/2020\/11\/yoka-hompage-decoration-113x300.png 113w, https:\/\/yoka.ca\/wp-content\/uploads\/2020\/11\/yoka-hompage-decoration-576x1536.png 576w, https:\/\/yoka.ca\/wp-content\/uploads\/2020\/11\/yoka-hompage-decoration-5x12.png 5w, https:\/\/yoka.ca\/wp-content\/uploads\/2020\/11\/yoka-hompage-decoration.png 614w\" sizes=\"(max-width: 384px) 100vw, 384px\" title=\"\">\t\t\t\t\t\t\t\t\t\t\t\t\t\t\t<\/div>\n\t\t\t\t\t<\/div>\n\t\t<\/div>\n\t\t\t\t<div class=\"elementor-column elementor-col-33 elementor-top-column elementor-element elementor-element-d8a4579\" data-id=\"d8a4579\" data-element_type=\"column\" data-settings=\"{&quot;background_background&quot;:&quot;classic&quot;}\">\n\t\t\t<div class=\"elementor-widget-wrap elementor-element-populated\">\n\t\t\t\t\t<div class=\"elementor-background-overlay\"><\/div>\n\t\t\t\t\t\t<section class=\"elementor-section elementor-inner-section elementor-element elementor-element-98ac3ed elementor-hidden-desktop elementor-hidden-tablet elementor-hidden-mobile elementor-section-boxed elementor-section-height-default elementor-section-height-default\" data-id=\"98ac3ed\" data-element_type=\"section\">\n\t\t\t\t\t\t<div class=\"elementor-container elementor-column-gap-default\">\n\t\t\t\t\t<div class=\"elementor-column elementor-col-50 elementor-inner-column elementor-element elementor-element-6a52fc5\" data-id=\"6a52fc5\" data-element_type=\"column\">\n\t\t\t<div class=\"elementor-widget-wrap elementor-element-populated\">\n\t\t\t\t\t\t<div class=\"elementor-element elementor-element-bfe6109 elementor-widget elementor-widget-spacer\" data-id=\"bfe6109\" data-element_type=\"widget\" data-widget_type=\"spacer.default\">\n\t\t\t\t\t\t\t<div class=\"elementor-spacer\">\n\t\t\t<div class=\"elementor-spacer-inner\"><\/div>\n\t\t<\/div>\n\t\t\t\t\t\t<\/div>\n\t\t\t\t<div class=\"elementor-element elementor-element-87add4a elementor-widget elementor-widget-heading\" data-id=\"87add4a\" data-element_type=\"widget\" data-widget_type=\"heading.default\">\n\t\t\t\t\t<h2 class=\"elementor-heading-title elementor-size-default\">COMMANDE EN LIGNE<\/h2>\t\t\t\t<\/div>\n\t\t\t\t<div class=\"elementor-element elementor-element-dd99d5c elementor-widget elementor-widget-text-editor\" data-id=\"dd99d5c\" data-element_type=\"widget\" data-widget_type=\"text-editor.default\">\n\t\t\t\t\t\t\t\t\t<p>Commandez en ligne d\u00e8s aujourd'hui pour \u00eatre livr\u00e9 \u00e0 domicile par Yokato Yokabai.<\/p>\t\t\t\t\t\t\t\t<\/div>\n\t\t\t\t<div class=\"elementor-element elementor-element-cc76192 elementor-widget elementor-widget-text-editor\" data-id=\"cc76192\" data-element_type=\"widget\" data-widget_type=\"text-editor.default\">\n\t\t\t\t\t\t\t\t\t<a href=\"javascript:void(0);\" onclick=\"DeliverectWidget.orderNow()\">COMMANDER<\/a>\n\t\t\t\t\t\t\t\t<\/div>\n\t\t\t\t\t<\/div>\n\t\t<\/div>\n\t\t\t\t<div class=\"elementor-column elementor-col-50 elementor-inner-column elementor-element elementor-element-a6d5b76\" data-id=\"a6d5b76\" data-element_type=\"column\">\n\t\t\t<div class=\"elementor-widget-wrap elementor-element-populated\">\n\t\t\t\t\t\t<div class=\"elementor-element elementor-element-c1eba55 elementor-widget elementor-widget-spacer\" data-id=\"c1eba55\" data-element_type=\"widget\" data-widget_type=\"spacer.default\">\n\t\t\t\t\t\t\t<div class=\"elementor-spacer\">\n\t\t\t<div class=\"elementor-spacer-inner\"><\/div>\n\t\t<\/div>\n\t\t\t\t\t\t<\/div>\n\t\t\t\t<div class=\"elementor-element elementor-element-989efdf elementor-widget elementor-widget-heading\" data-id=\"989efdf\" data-element_type=\"widget\" data-widget_type=\"heading.default\">\n\t\t\t\t\t<h2 class=\"elementor-heading-title elementor-size-default\">RAMASSER<\/h2>\t\t\t\t<\/div>\n\t\t\t\t<div class=\"elementor-element elementor-element-37c0c4d elementor-widget elementor-widget-text-editor\" data-id=\"37c0c4d\" data-element_type=\"widget\" data-widget_type=\"text-editor.default\">\n\t\t\t\t\t\t\t\t\t<p>Appelez-nous d\u00e8s aujourd'hui pour commander et venir chercher votre commande dans nos locaux de Yokato Yokabai.<\/p>\t\t\t\t\t\t\t\t<\/div>\n\t\t\t\t<div class=\"elementor-element elementor-element-ff3f3aa elementor-align-center elementor-widget elementor-widget-button\" data-id=\"ff3f3aa\" data-element_type=\"widget\" data-widget_type=\"button.default\">\n\t\t\t\t\t\t\t\t\t\t<a class=\"elementor-button elementor-button-link elementor-size-sm\" href=\"tel:+15142829991\">\n\t\t\t\t\t\t<span class=\"elementor-button-content-wrapper\">\n\t\t\t\t\t\t\t\t\t<span class=\"elementor-button-text\">(514) 282-9991<\/span>\n\t\t\t\t\t<\/span>\n\t\t\t\t\t<\/a>\n\t\t\t\t\t\t\t\t<\/div>\n\t\t\t\t<div class=\"elementor-element elementor-element-ad4116c elementor-widget elementor-widget-spacer\" data-id=\"ad4116c\" data-element_type=\"widget\" data-widget_type=\"spacer.default\">\n\t\t\t\t\t\t\t<div class=\"elementor-spacer\">\n\t\t\t<div class=\"elementor-spacer-inner\"><\/div>\n\t\t<\/div>\n\t\t\t\t\t\t<\/div>\n\t\t\t\t\t<\/div>\n\t\t<\/div>\n\t\t\t\t\t<\/div>\n\t\t<\/section>\n\t\t\t\t\t<\/div>\n\t\t<\/div>\n\t\t\t\t<div class=\"elementor-column elementor-col-33 elementor-top-column elementor-element elementor-element-17eaa08\" data-id=\"17eaa08\" data-element_type=\"column\">\n\t\t\t<div class=\"elementor-widget-wrap elementor-element-populated\">\n\t\t\t\t\t\t<div class=\"elementor-element elementor-element-b053921 elementor-hidden-phone elementor-widget elementor-widget-image\" data-id=\"b053921\" data-element_type=\"widget\" data-widget_type=\"image.default\">\n\t\t\t\t\t\t\t\t\t\t\t\t\t\t\t<img decoding=\"async\" width=\"386\" height=\"1024\" src=\"https:\/\/yoka.ca\/wp-content\/uploads\/2020\/11\/yoka-homepage-decoration-4-386x1024.png\" class=\"attachment-large size-large wp-image-644\" alt=\"\" srcset=\"https:\/\/yoka.ca\/wp-content\/uploads\/2020\/11\/yoka-homepage-decoration-4-386x1024.png 386w, https:\/\/yoka.ca\/wp-content\/uploads\/2020\/11\/yoka-homepage-decoration-4-113x300.png 113w, https:\/\/yoka.ca\/wp-content\/uploads\/2020\/11\/yoka-homepage-decoration-4-579x1536.png 579w, https:\/\/yoka.ca\/wp-content\/uploads\/2020\/11\/yoka-homepage-decoration-4-5x12.png 5w, https:\/\/yoka.ca\/wp-content\/uploads\/2020\/11\/yoka-homepage-decoration-4.png 617w\" sizes=\"(max-width: 386px) 100vw, 386px\" title=\"\">\t\t\t\t\t\t\t\t\t\t\t\t\t\t\t<\/div>\n\t\t\t\t\t<\/div>\n\t\t<\/div>\n\t\t\t\t\t<\/div>\n\t\t<\/section>\n\t\t\t\t<\/div>","protected":false},"excerpt":{"rendered":"<p>PICK UP Call us today to order &amp; pick up from our Yokato Yokabai location. (514) 282-9991 ORDER ONLINE Order online today for convenient home delivery from Yokato Yokabai. ORDER NOW PICK UP Call us today to order &amp; pick up from our Yokato Yokabai location. (514) 282-9991<\/p>","protected":false},"author":1,"featured_media":0,"parent":0,"menu_order":0,"comment_status":"closed","ping_status":"closed","template":"","meta":{"footnotes":""},"class_list":["post-60","page","type-page","status-publish","hentry","entry"],"jetpack_sharing_enabled":true,"_links":{"self":[{"href":"https:\/\/yoka.ca\/fr\/wp-json\/wp\/v2\/pages\/60","targetHints":{"allow":["GET"]}}],"collection":[{"href":"https:\/\/yoka.ca\/fr\/wp-json\/wp\/v2\/pages"}],"about":[{"href":"https:\/\/yoka.ca\/fr\/wp-json\/wp\/v2\/types\/page"}],"author":[{"embeddable":true,"href":"https:\/\/yoka.ca\/fr\/wp-json\/wp\/v2\/users\/1"}],"replies":[{"embeddable":true,"href":"https:\/\/yoka.ca\/fr\/wp-json\/wp\/v2\/comments?post=60"}],"version-history":[{"count":72,"href":"https:\/\/yoka.ca\/fr\/wp-json\/wp\/v2\/pages\/60\/revisions"}],"predecessor-version":[{"id":1965,"href":"https:\/\/yoka.ca\/fr\/wp-json\/wp\/v2\/pages\/60\/revisions\/1965"}],"wp:attachment":[{"href":"https:\/\/yoka.ca\/fr\/wp-json\/wp\/v2\/media?parent=60"}],"curies":[{"name":"wp","href":"https:\/\/api.w.org\/{rel}","templated":true}]}}