{"id":62,"date":"2020-11-19T21:59:56","date_gmt":"2020-11-19T21:59:56","guid":{"rendered":"https:\/\/yoka.ca\/?page_id=62"},"modified":"2025-05-04T23:03:09","modified_gmt":"2025-05-04T23:03:09","slug":"menu","status":"publish","type":"page","link":"https:\/\/yoka.ca\/fr\/menu\/","title":{"rendered":"Menu"},"content":{"rendered":"<div data-elementor-type=\"wp-page\" data-elementor-id=\"62\" class=\"elementor elementor-62\" data-elementor-post-type=\"page\">\n\t\t\t\t\t\t<section class=\"elementor-section elementor-top-section elementor-element elementor-element-0cc8a56 elementor-section-full_width elementor-section-height-default elementor-section-height-default\" data-id=\"0cc8a56\" data-element_type=\"section\" data-settings=\"{&quot;background_background&quot;:&quot;classic&quot;}\">\n\t\t\t\t\t\t<div class=\"elementor-container elementor-column-gap-default\">\n\t\t\t\t\t<div class=\"elementor-column elementor-col-100 elementor-top-column elementor-element elementor-element-2869f20\" data-id=\"2869f20\" data-element_type=\"column\" data-settings=\"{&quot;background_background&quot;:&quot;classic&quot;}\">\n\t\t\t<div class=\"elementor-widget-wrap elementor-element-populated\">\n\t\t\t\t\t\t<div class=\"elementor-element elementor-element-5454b7e elementor-widget elementor-widget-heading\" data-id=\"5454b7e\" data-element_type=\"widget\" data-widget_type=\"heading.default\">\n\t\t\t\t\t<h1 class=\"elementor-heading-title elementor-size-default\">Bienvenue chez Yokato Yokabai<\/h1>\t\t\t\t<\/div>\n\t\t\t\t<div class=\"elementor-element elementor-element-331b509 elementor-widget elementor-widget-text-editor\" data-id=\"331b509\" data-element_type=\"widget\" data-widget_type=\"text-editor.default\">\n\t\t\t\t\t\t\t\t\t<p>Notre menu propose une vari\u00e9t\u00e9 de ramens japonais \u00e0 choisir, pr\u00e9par\u00e9s quotidiennement avec des nouilles ramen faites maison.<\/p>\t\t\t\t\t\t\t\t<\/div>\n\t\t\t\t\t<\/div>\n\t\t<\/div>\n\t\t\t\t\t<\/div>\n\t\t<\/section>\n\t\t\t\t<section class=\"elementor-section elementor-top-section elementor-element elementor-element-03e2888 elementor-section-full_width elementor-section-height-default elementor-section-height-default\" data-id=\"03e2888\" data-element_type=\"section\" data-settings=\"{&quot;background_background&quot;:&quot;classic&quot;}\">\n\t\t\t\t\t\t<div class=\"elementor-container elementor-column-gap-default\">\n\t\t\t\t\t<div class=\"elementor-column elementor-col-50 elementor-top-column elementor-element elementor-element-bb5845c elementor-invisible\" data-id=\"bb5845c\" data-element_type=\"column\" data-settings=\"{&quot;background_background&quot;:&quot;classic&quot;,&quot;animation&quot;:&quot;fadeIn&quot;}\">\n\t\t\t<div class=\"elementor-widget-wrap elementor-element-populated\">\n\t\t\t\t\t\t<div class=\"elementor-element elementor-element-1d9470d elementor-widget elementor-widget-heading\" data-id=\"1d9470d\" data-element_type=\"widget\" data-settings=\"{&quot;_animation_mobile&quot;:&quot;fadeIn&quot;}\" data-widget_type=\"heading.default\">\n\t\t\t\t\t<h3 class=\"elementor-heading-title elementor-size-default\">\u00c9TAPE 1<\/h3>\t\t\t\t<\/div>\n\t\t\t\t<div class=\"elementor-element elementor-element-5e90332 elementor-widget elementor-widget-text-editor\" data-id=\"5e90332\" data-element_type=\"widget\" data-widget_type=\"text-editor.default\">\n\t\t\t\t\t\t\t\t\t<p>Pas besoin de r\u00e9servation ici. Venez simplement et prenez place!<\/p>\t\t\t\t\t\t\t\t<\/div>\n\t\t\t\t<div class=\"elementor-element elementor-element-f0ff36f elementor-widget elementor-widget-heading\" data-id=\"f0ff36f\" data-element_type=\"widget\" data-settings=\"{&quot;_animation_mobile&quot;:&quot;fadeIn&quot;}\" data-widget_type=\"heading.default\">\n\t\t\t\t\t<h3 class=\"elementor-heading-title elementor-size-default\">\u00c9TAPE 2<\/h3>\t\t\t\t<\/div>\n\t\t\t\t<div class=\"elementor-element elementor-element-98724e6 elementor-widget elementor-widget-text-editor\" data-id=\"98724e6\" data-element_type=\"widget\" data-widget_type=\"text-editor.default\">\n\t\t\t\t\t\t\t\t\t<p>Remplissez votre menu papier.<\/p>\t\t\t\t\t\t\t\t<\/div>\n\t\t\t\t<div class=\"elementor-element elementor-element-8e2cca0 elementor-widget elementor-widget-heading\" data-id=\"8e2cca0\" data-element_type=\"widget\" data-settings=\"{&quot;_animation_mobile&quot;:&quot;fadeIn&quot;}\" data-widget_type=\"heading.default\">\n\t\t\t\t\t<h3 class=\"elementor-heading-title elementor-size-default\">\u00c9TAPE 3<\/h3>\t\t\t\t<\/div>\n\t\t\t\t<div class=\"elementor-element elementor-element-0905478 elementor-widget elementor-widget-text-editor\" data-id=\"0905478\" data-element_type=\"widget\" data-widget_type=\"text-editor.default\">\n\t\t\t\t\t\t\t\t\t<p>Hand your paper to your waiter. Our ramen is made on the spot and ready to be served soon!<\/p>\t\t\t\t\t\t\t\t<\/div>\n\t\t\t\t\t<\/div>\n\t\t<\/div>\n\t\t\t\t<div class=\"elementor-column elementor-col-50 elementor-top-column elementor-element elementor-element-a01aac3\" data-id=\"a01aac3\" data-element_type=\"column\" data-settings=\"{&quot;background_background&quot;:&quot;classic&quot;,&quot;animation&quot;:&quot;none&quot;}\">\n\t\t\t<div class=\"elementor-widget-wrap elementor-element-populated\">\n\t\t\t\t\t\t<div class=\"elementor-element elementor-element-3812164 elementor-invisible elementor-widget elementor-widget-image\" data-id=\"3812164\" data-element_type=\"widget\" data-settings=\"{&quot;_animation_mobile&quot;:&quot;fadeIn&quot;,&quot;_animation&quot;:&quot;fadeIn&quot;}\" data-widget_type=\"image.default\">\n\t\t\t\t\t\t\t\t\t\t\t\t\t\t\t\t<a href=\"https:\/\/yoka.ca\/wp-content\/uploads\/2025\/05\/RAMEN-MENU-FR-with-KAKIGORI-LONG-NO-PRICES.png\" data-elementor-open-lightbox=\"yes\" data-e-action-hash=\"#elementor-action%3Aaction%3Dlightbox%26settings%3DeyJpZCI6MjA5NCwidXJsIjoiaHR0cHM6XC9cL3lva2EuY2FcL3dwLWNvbnRlbnRcL3VwbG9hZHNcLzIwMjVcLzA1XC9SQU1FTi1NRU5VLUVOLXdpdGgtS0FLSUdPUkktTE9ORy1OTy1QUklDRVMucG5nIn0%3D\">\n\t\t\t\t\t\t\t<img fetchpriority=\"high\" decoding=\"async\" width=\"1123\" height=\"2481\" src=\"https:\/\/yoka.ca\/wp-content\/uploads\/2025\/05\/RAMEN-MENU-FR-with-KAKIGORI-LONG-NO-PRICES.png\" class=\"attachment-full size-full wp-image-2094\" alt=\"\" srcset=\"https:\/\/yoka.ca\/wp-content\/uploads\/2025\/05\/RAMEN-MENU-FR-with-KAKIGORI-LONG-NO-PRICES.png 1123w, https:\/\/yoka.ca\/wp-content\/uploads\/2025\/05\/RAMEN-MENU-FR-with-KAKIGORI-LONG-NO-PRICES-136x300.png 136w, https:\/\/yoka.ca\/wp-content\/uploads\/2025\/05\/RAMEN-MENU-FR-with-KAKIGORI-LONG-NO-PRICES-464x1024.png 464w, https:\/\/yoka.ca\/wp-content\/uploads\/2025\/05\/RAMEN-MENU-FR-with-KAKIGORI-LONG-NO-PRICES-768x1697.png 768w, https:\/\/yoka.ca\/wp-content\/uploads\/2025\/05\/RAMEN-MENU-FR-with-KAKIGORI-LONG-NO-PRICES-695x1536.png 695w, https:\/\/yoka.ca\/wp-content\/uploads\/2025\/05\/RAMEN-MENU-FR-with-KAKIGORI-LONG-NO-PRICES-927x2048.png 927w, https:\/\/yoka.ca\/wp-content\/uploads\/2025\/05\/RAMEN-MENU-FR-with-KAKIGORI-LONG-NO-PRICES-5x12.png 5w\" sizes=\"(max-width: 1123px) 100vw, 1123px\" title=\"\">\t\t\t\t\t\t\t\t<\/a>\n\t\t\t\t\t\t\t\t\t\t\t\t\t\t\t<\/div>\n\t\t\t\t\t<\/div>\n\t\t<\/div>\n\t\t\t\t\t<\/div>\n\t\t<\/section>\n\t\t\t\t<\/div>","protected":false},"excerpt":{"rendered":"<p>Welcome to Yokato Yokabai Our menu features a variety of Japanese Ramen to choose from, made with in-house ramen noodles daily. STEP 1 No need for reservations here. Simply show up and take a seat! STEP 2 Fill out your paper menu. STEP 3 Hand your paper to your waiter. Our ramen is made on [&hellip;]<\/p>","protected":false},"author":1,"featured_media":0,"parent":0,"menu_order":0,"comment_status":"closed","ping_status":"closed","template":"","meta":{"footnotes":""},"class_list":["post-62","page","type-page","status-publish","hentry","entry"],"jetpack_sharing_enabled":true,"_links":{"self":[{"href":"https:\/\/yoka.ca\/fr\/wp-json\/wp\/v2\/pages\/62","targetHints":{"allow":["GET"]}}],"collection":[{"href":"https:\/\/yoka.ca\/fr\/wp-json\/wp\/v2\/pages"}],"about":[{"href":"https:\/\/yoka.ca\/fr\/wp-json\/wp\/v2\/types\/page"}],"author":[{"embeddable":true,"href":"https:\/\/yoka.ca\/fr\/wp-json\/wp\/v2\/users\/1"}],"replies":[{"embeddable":true,"href":"https:\/\/yoka.ca\/fr\/wp-json\/wp\/v2\/comments?post=62"}],"version-history":[{"count":75,"href":"https:\/\/yoka.ca\/fr\/wp-json\/wp\/v2\/pages\/62\/revisions"}],"predecessor-version":[{"id":2107,"href":"https:\/\/yoka.ca\/fr\/wp-json\/wp\/v2\/pages\/62\/revisions\/2107"}],"wp:attachment":[{"href":"https:\/\/yoka.ca\/fr\/wp-json\/wp\/v2\/media?parent=62"}],"curies":[{"name":"wp","href":"https:\/\/api.w.org\/{rel}","templated":true}]}}